{"id":4249,"date":"2024-06-26T08:13:39","date_gmt":"2024-06-26T08:13:39","guid":{"rendered":"https:\/\/nubeliny.com\/?page_id=4249"},"modified":"2024-10-19T10:22:03","modified_gmt":"2024-10-19T10:22:03","slug":"legal","status":"publish","type":"page","link":"https:\/\/nubeliny.com\/do\/legal\/","title":{"rendered":"Legal"},"content":{"rendered":"\t\t<div data-elementor-type=\"wp-page\" data-elementor-id=\"4249\" class=\"elementor elementor-4249\" data-elementor-post-type=\"page\">\n\t\t\t\t<div class=\"elementor-element elementor-element-c194980 e-flex e-con-boxed e-con e-parent\" data-id=\"c194980\" data-element_type=\"container\">\r\n\t\t\t\t\t<div class=\"e-con-inner\">\r\n\t\t\t\t<div class=\"elementor-element elementor-element-8c23fe2 elementor-widget elementor-widget-porto_info_box\" data-id=\"8c23fe2\" data-element_type=\"widget\" data-widget_type=\"porto_info_box.default\">\n\t\t\t\t<div class=\"elementor-widget-container\">\n\t\t\t\t\t<div class=\"porto-sicon-box style_1 default-icon flex-wrap\"><div class=\"porto-sicon-description\" style=\"\" ><h4><span style=\"color: #00763f;\"><b>Permisos de la aplicaci\u00f3n<\/b><\/span><\/h4><p>Esta aplicaci\u00f3n fue creada con permiso para almacenar datos personales que son fotos, ubicaci\u00f3n, ID del dispositivo, documentos e informaci\u00f3n financiera Disponible para Android y iOS. Estos permisos est\u00e1n disponibles cuando descargas la app Nubeli y se te dan a conocer antes de que empieces a usar el servicio.<\/p><h4><span style=\"color: #00763f;\"><b>Licencias del software<\/b><\/span><\/h4><p>Todos los derechos reservados por NUBE L.I INC. en base al desarrollo de Nubeli app, de acuerdo con nuestro equipo tecnol\u00f3gico Huso Group.<\/p><p>Nubeli app gestionada por NUBE L.I INC. No utiliza intermediario en ning\u00fan caso para ceder derechos, encriptar, redise\u00f1ar la web solo NUBE L.I INC de acuerdo con Grupo Huso tienen este derecho.<\/p><p><a href=\"https:\/\/husogroup.com.co\/\">HUSO GROUP SAS<\/a>, Gestor de derechos de autor.<\/p><h4><span style=\"color: #00763f;\"><b>Permiso de programaci\u00f3n<\/b><\/span><\/h4><ul><li aria-level=\"\u00ab1\u00bb\"><span style=\"color: #00763f;\">React Native<\/span>, Permiso de programaci\u00f3n y lenguaje de cifrado es React Native, todos los derechos reservados en Nubeli app gestionada por NUBE L.I INC. y Huso Group SAS, el 19 de marzo\/2021.<\/li><li aria-level=\"\u00ab1\u00bb\"><span style=\"color: #00763f;\">React<\/span>, El permiso de programaci\u00f3n y el lenguaje de cifrado es React, todos los derechos reservados en la app Nubeli gestionada por NUBE L.I INC. y Huso Group SAS, el 19 de marzo\/2021.<\/li><\/ul><ul><li aria-level=\"\u00ab1\u00bb\"><span style=\"color: #00763f;\">NativeBase<\/span>, El permiso de programaci\u00f3n y el lenguaje de cifrado es NativeBase, todos los derechos reservados en la app Nubeli gestionada por NUBE L.I INC. y Huso Group SAS, el 19 de marzo\/2021.<\/li><\/ul><ul><li aria-level=\"\u00ab1\u00bb\"><span style=\"color: #00763f;\">Redux<\/span>, El permiso de programaci\u00f3n y el lenguaje de encriptaci\u00f3n es Redux, todos los derechos reservados en la app Nubeli gestionada por NUBE L.I INC. y Huso Group SAS, el 19 de marzo\/2021.<\/li><\/ul><ul><li aria-level=\"\u00ab1\u00bb\"><span style=\"color: #00763f;\">Firebase<\/span>, El permiso de programaci\u00f3n y el lenguaje de encriptaci\u00f3n es Firebase, todos los derechos reservados en la app Nubeli gestionada por NUBE L.I INC. y Huso Group SAS, el 19 de marzo\/2021.<\/li><li>Disponemos de un sistema de encriptaci\u00f3n que permite encriptar y programar en Firebase.<\/li><\/ul><ul><li aria-level=\"\u00ab1\u00bb\"><span style=\"color: #00763f;\">NodeJS<\/span>, El permiso de programaci\u00f3n y el lenguaje de cifrado es NodeJS, todos los derechos reservados en Nubeli app gestionada por NUBE L.I INC. y Huso Group SAS, el 19 de marzo\/2021.<\/li><\/ul><p>Todas estas tecnolog\u00edas que utilizamos para el desarrollo de nuestra app est\u00e1n basadas en c\u00f3digo abierto. Basado en nuestros t\u00e9rminos y condiciones.<br \/>Adaptado en Enero 19\/2023.<\/p><\/div> <!-- description --><\/div><!-- porto-sicon-box -->\t\t\t\t<\/div>\n\t\t\t\t<\/div>\n\t\t\t\t\t<\/div>\n\t\t\t\t<\/div>\n\t\t\t\t<\/div>\n\t\t","protected":false},"excerpt":{"rendered":"<p>Permisos de la aplicaci\u00f3n Esta aplicaci\u00f3n fue creada con permiso para almacenar datos personales que son fotos, ubicaci\u00f3n, ID del dispositivo, documentos e informaci\u00f3n financiera Disponible para Android y iOS. Estos permisos est\u00e1n disponibles cuando descargas la app Nubeli y se te dan a conocer antes de que empieces a usar el servicio. Licencias del [&hellip;]<\/p>\n","protected":false},"author":1,"featured_media":0,"parent":0,"menu_order":0,"comment_status":"closed","ping_status":"closed","template":"","meta":{"footnotes":""},"class_list":["post-4249","page","type-page","status-publish","hentry"],"_links":{"self":[{"href":"https:\/\/nubeliny.com\/do\/wp-json\/wp\/v2\/pages\/4249","targetHints":{"allow":["GET"]}}],"collection":[{"href":"https:\/\/nubeliny.com\/do\/wp-json\/wp\/v2\/pages"}],"about":[{"href":"https:\/\/nubeliny.com\/do\/wp-json\/wp\/v2\/types\/page"}],"author":[{"embeddable":true,"href":"https:\/\/nubeliny.com\/do\/wp-json\/wp\/v2\/users\/1"}],"replies":[{"embeddable":true,"href":"https:\/\/nubeliny.com\/do\/wp-json\/wp\/v2\/comments?post=4249"}],"version-history":[{"count":22,"href":"https:\/\/nubeliny.com\/do\/wp-json\/wp\/v2\/pages\/4249\/revisions"}],"predecessor-version":[{"id":5029,"href":"https:\/\/nubeliny.com\/do\/wp-json\/wp\/v2\/pages\/4249\/revisions\/5029"}],"wp:attachment":[{"href":"https:\/\/nubeliny.com\/do\/wp-json\/wp\/v2\/media?parent=4249"}],"curies":[{"name":"wp","href":"https:\/\/api.w.org\/{rel}","templated":true}]}}