{"id":67,"date":"2022-01-17T07:15:11","date_gmt":"2022-01-17T07:15:11","guid":{"rendered":"http:\/\/sw-themes.com\/porto_dummy\/?page_id=67"},"modified":"2024-10-19T10:46:26","modified_gmt":"2024-10-19T10:46:26","slug":"about-us","status":"publish","type":"page","link":"https:\/\/nubeliny.com\/do\/about-us\/","title":{"rendered":"Qui\u00e9nes somos"},"content":{"rendered":"\t\t<div data-elementor-type=\"wp-page\" data-elementor-id=\"67\" class=\"elementor elementor-67\" data-elementor-post-type=\"page\">\n\t\t\t\t\t\t<div class=\"elementor-section elementor-top-section elementor-element elementor-element-cf06459 m-t-xl elementor-section-boxed elementor-section-height-default elementor-section-height-default\" data-id=\"cf06459\" data-element_type=\"section\">\r\n\t\t\r\n\t\t\t\t\t\t\t<div class=\"elementor-container elementor-column-gap-default\">\r\n\t\t\t\t\t\t\t\t\t\t\t<div class=\"elementor-column elementor-col-100 elementor-top-column elementor-element elementor-element-e0b17b6\" data-id=\"e0b17b6\" data-element_type=\"column\">\r\n\t\t\t\t\t<div class=\"elementor-widget-wrap elementor-element-populated\">\r\n\t\t\t\t\t\t\t\t<div class=\"elementor-element elementor-element-93caef7 elementor-invisible elementor-widget elementor-widget-porto_ultimate_heading\" data-id=\"93caef7\" data-element_type=\"widget\" data-settings=\"{&quot;_animation&quot;:&quot;fadeIn&quot;}\" data-widget_type=\"porto_ultimate_heading.default\">\n\t\t\t\t<div class=\"elementor-widget-container\">\n\t\t\t\t\t<div class=\"porto-u-heading  porto-u-ad87e2eaf3f9c495180fe0156ddf3eb0\"><div class=\"porto-u-main-heading\"><h2    style=\"margin-bottom: 20px;\">En Nubeli Inc. nos dedicamos a proporcionar el mejor servicio de transporte privado en la ciudad de Nueva York. Nuestra misi\u00f3n es ofrecer a nuestros usuarios una experiencia de viaje segura, fiable y c\u00f3moda, con el apoyo de un equipo de profesionales altamente capacitados. Utilizamos una plataforma de alta calidad que incorpora las \u00faltimas tecnolog\u00edas para garantizar que tanto los conductores como los pasajeros disfruten de un servicio superior. Con herramientas avanzadas como el seguimiento GPS en directo y los accesos directos a llamadas de emergencia, garantizamos la seguridad en cada viaje.<\/h2><\/div><div class=\"porto-u-sub-heading\" style=\"\"><span style=\u00abfont-weight: 400;\u00bb>Nuestro compromiso con la excelencia y la innovaci\u00f3n nos ha permitido crecer de forma constante, y estamos entusiasmados con nuestras futuras expansiones. Planeamos llevar nuestra visi\u00f3n de un transporte seguro y eficiente a nuevas ciudades y comunidades, manteniendo siempre nuestros altos est\u00e1ndares. En Nubeli Inc. creemos que el transporte del futuro debe ser accesible, seguro y tecnol\u00f3gicamente avanzado, y trabajamos cada d\u00eda para hacer realidad esta visi\u00f3n.<\/span><\/div><style>.porto-u-ad87e2eaf3f9c495180fe0156ddf3eb0.porto-u-heading{text-align:left}<\/style><\/div>\t\t\t\t<\/div>\n\t\t\t\t<\/div>\n\t\t\t\t<div class=\"elementor-section elementor-inner-section elementor-element elementor-element-f6993d2 elementor-section-content-middle justify-content-center elementor-section-boxed elementor-section-height-default elementor-section-height-default\" data-id=\"f6993d2\" data-element_type=\"section\">\r\n\t\t\r\n\t\t\t\t\t\t\t<div class=\"elementor-container elementor-column-gap-default\">\r\n\t\t\t\t\t\t\t\t\t\t\t<div class=\"elementor-column elementor-col-100 elementor-inner-column elementor-element elementor-element-4250bf7\" data-id=\"4250bf7\" data-element_type=\"column\">\r\n\t\t\t\t\t<div class=\"elementor-widget-wrap elementor-element-populated\">\r\n\t\t\t\t\t\t\t\t<div class=\"elementor-element elementor-element-4a2954a mb-4 rounded-2 overflow-hidden ml-auto mr-auto elementor-widget__width-auto elementor-widget-divider--view-line elementor-invisible elementor-widget elementor-widget-divider\" data-id=\"4a2954a\" data-element_type=\"widget\" data-settings=\"{&quot;_animation&quot;:&quot;fadeInUp&quot;}\" data-widget_type=\"divider.default\">\n\t\t\t\t<div class=\"elementor-widget-container\">\n\t\t\t\t\t\t\t<div class=\"elementor-divider\">\n\t\t\t<span class=\"elementor-divider-separator\">\n\t\t\t\t\t\t<\/span>\n\t\t<\/div>\n\t\t\t\t\t\t<\/div>\n\t\t\t\t<\/div>\n\t\t\t\t<div class=\"elementor-section elementor-inner-section elementor-element elementor-element-1c6332a elementor-section-content-middle justify-content-center elementor-section-boxed elementor-section-height-default elementor-section-height-default\" data-id=\"1c6332a\" data-element_type=\"section\">\r\n\t\t\r\n\t\t\t\t\t\t\t<div class=\"elementor-container elementor-column-gap-default\">\r\n\t\t\t\t\t\t\t\t\t\t\t<div class=\"elementor-column elementor-col-50 elementor-inner-column elementor-element elementor-element-f25a467 mb-lg-0 mb-4\" data-id=\"f25a467\" data-element_type=\"column\">\r\n\t\t\t\t\t<div class=\"elementor-widget-wrap elementor-element-populated\">\r\n\t\t\t\t\t\t\t\t<div class=\"elementor-element elementor-element-4f3a814 br-25 custom-img elementor-widget__width-auto e-transform elementor-invisible elementor-widget elementor-widget-image\" data-id=\"4f3a814\" data-element_type=\"widget\" data-settings=\"{&quot;_animation&quot;:&quot;fadeIn&quot;,&quot;_animation_delay&quot;:300,&quot;_transform_rotateZ_effect&quot;:{&quot;unit&quot;:&quot;px&quot;,&quot;size&quot;:45,&quot;sizes&quot;:[]},&quot;_transform_rotateZ_effect_tablet&quot;:{&quot;unit&quot;:&quot;deg&quot;,&quot;size&quot;:&quot;&quot;,&quot;sizes&quot;:[]},&quot;_transform_rotateZ_effect_mobile&quot;:{&quot;unit&quot;:&quot;deg&quot;,&quot;size&quot;:&quot;&quot;,&quot;sizes&quot;:[]}}\" data-widget_type=\"image.default\">\n\t\t\t\t<div class=\"elementor-widget-container\">\n\t\t\t\t\t\t\t\t\t\t\t\t\t\t\t<img fetchpriority=\"high\" decoding=\"async\" width=\"340\" height=\"340\" src=\"https:\/\/nubeliny.com\/do\/wp-content\/uploads\/sites\/3\/2024\/06\/about-us.jpg\" class=\"attachment-full size-full wp-image-4112\" alt=\"\" \/>\t\t\t\t\t\t\t\t\t\t\t\t\t\t\t<\/div>\n\t\t\t\t<\/div>\n\t\t\t\t\t<\/div>\r\n\t\t\t\t<\/div>\r\n\t\t\t\t<div class=\"elementor-column elementor-col-50 elementor-inner-column elementor-element elementor-element-7c9037c elementor-invisible\" data-id=\"7c9037c\" data-element_type=\"column\" data-settings=\"{&quot;animation&quot;:&quot;fadeIn&quot;,&quot;animation_delay&quot;:300}\">\r\n\t\t\t\t\t<div class=\"elementor-widget-wrap elementor-element-populated\">\r\n\t\t\t\t\t\t\t\t<div class=\"elementor-element elementor-element-cc7265b mb-0 elementor-widget elementor-widget-porto_ultimate_heading\" data-id=\"cc7265b\" data-element_type=\"widget\" data-widget_type=\"porto_ultimate_heading.default\">\n\t\t\t\t<div class=\"elementor-widget-container\">\n\t\t\t\t\t<div class=\"porto-u-heading  porto-u-ad87e2eaf3f9c495180fe0156ddf3eb0\"><div class=\"porto-u-main-heading\"><h2    style=\"margin-bottom: 20px;\">Nubeli Inc. Es una empresa de transporte local con presencia en el condado de Suffolk, NY, comprometida con la seguridad de nuestros usuarios. Brindamos un servicio confiable y r\u00e1pido a trav\u00e9s de una plataforma que cumple con los m\u00e1s altos est\u00e1ndares de calidad.<\/h2><\/div><style>.porto-u-ad87e2eaf3f9c495180fe0156ddf3eb0.porto-u-heading{text-align:left}<\/style><\/div>\t\t\t\t<\/div>\n\t\t\t\t<\/div>\n\t\t\t\t<div class=\"elementor-element elementor-element-1e36915 mb-0 icon-bordered elementor-widget elementor-widget-porto_info_box\" data-id=\"1e36915\" data-element_type=\"widget\" data-widget_type=\"porto_info_box.default\">\n\t\t\t\t<div class=\"elementor-widget-container\">\n\t\t\t\t\t<div class=\"porto-sicon-box style_1 left-icon\"><div class=\"porto-sicon-left\"><div class=\"porto-just-icon-wrapper porto-icon none\" style=\"\"><i class=\"Simple-Line-Icons-check\"><\/i><\/div><\/div><div class=\"porto-sicon-body\"><div class=\"porto-sicon-header\"><h3 class=\"porto-sicon-title\" style=\"\">Viajes seguros y fiables.<\/h3><\/div> <!-- header --><\/div><\/div><!-- porto-sicon-box -->\t\t\t\t<\/div>\n\t\t\t\t<\/div>\n\t\t\t\t<div class=\"elementor-element elementor-element-6735496 mb-0 icon-bordered elementor-widget elementor-widget-porto_info_box\" data-id=\"6735496\" data-element_type=\"widget\" data-widget_type=\"porto_info_box.default\">\n\t\t\t\t<div class=\"elementor-widget-container\">\n\t\t\t\t\t<div class=\"porto-sicon-box style_1 left-icon\"><div class=\"porto-sicon-left\"><div class=\"porto-just-icon-wrapper porto-icon none\" style=\"\"><i class=\"Simple-Line-Icons-check\"><\/i><\/div><\/div><div class=\"porto-sicon-body\"><div class=\"porto-sicon-header\"><h3 class=\"porto-sicon-title\" style=\"\">F\u00e1cil de solicitar.<\/h3><\/div> <!-- header --><\/div><\/div><!-- porto-sicon-box -->\t\t\t\t<\/div>\n\t\t\t\t<\/div>\n\t\t\t\t<div class=\"elementor-element elementor-element-b271a99 mb-0 icon-bordered elementor-widget elementor-widget-porto_info_box\" data-id=\"b271a99\" data-element_type=\"widget\" data-widget_type=\"porto_info_box.default\">\n\t\t\t\t<div class=\"elementor-widget-container\">\n\t\t\t\t\t<div class=\"porto-sicon-box style_1 left-icon\"><div class=\"porto-sicon-left\"><div class=\"porto-just-icon-wrapper porto-icon none\" style=\"\"><i class=\"Simple-Line-Icons-check\"><\/i><\/div><\/div><div class=\"porto-sicon-body\"><div class=\"porto-sicon-header\"><h3 class=\"porto-sicon-title\" style=\"\">Una empresa honesta.<\/h3><\/div> <!-- header --><\/div><\/div><!-- porto-sicon-box -->\t\t\t\t<\/div>\n\t\t\t\t<\/div>\n\t\t\t\t<div class=\"elementor-element elementor-element-e7e57a6 mb-0 icon-bordered elementor-widget elementor-widget-porto_info_box\" data-id=\"e7e57a6\" data-element_type=\"widget\" data-widget_type=\"porto_info_box.default\">\n\t\t\t\t<div class=\"elementor-widget-container\">\n\t\t\t\t\t<div class=\"porto-sicon-box style_1 left-icon\"><div class=\"porto-sicon-left\"><div class=\"porto-just-icon-wrapper porto-icon none\" style=\"\"><i class=\"Simple-Line-Icons-check\"><\/i><\/div><\/div><div class=\"porto-sicon-body\"><div class=\"porto-sicon-header\"><h3 class=\"porto-sicon-title\" style=\"\">Un equipo altamente profesional.<\/h3><\/div> <!-- header --><\/div><\/div><!-- porto-sicon-box -->\t\t\t\t<\/div>\n\t\t\t\t<\/div>\n\t\t\t\t\t<\/div>\r\n\t\t\t\t<\/div>\r\n\t\t\t\t\t<\/div>\r\n\t\t\t\t<\/div>\r\n\t\t\t\t\t<\/div>\r\n\t\t\t\t<\/div>\r\n\t\t\t\t\t<\/div>\r\n\t\t\t\t<\/div>\r\n\t\t\t\t\t<\/div>\r\n\t\t\t\t<\/div>\r\n\t\t\t\t\t<\/div>\r\n\t\t\t\t<\/div>\r\n\t\t\t\t<div class=\"elementor-section elementor-top-section elementor-element elementor-element-4c73f4c overflow-hidden pt-4 py-md-5 elementor-section-boxed elementor-section-height-default elementor-section-height-default\" data-id=\"4c73f4c\" data-element_type=\"section\" data-settings=\"{&quot;background_background&quot;:&quot;classic&quot;}\">\r\n\t\t\r\n\t\t<div id=\"particles-8o4y\" class=\"particles-wrapper fill\" data-plugin-options=\"{&quot;src&quot;:&quot;https:\\\/\\\/www.portotheme.com\\\/wordpress\\\/porto\\\/elementor\\\/business-consulting4\\\/wp-content\\\/uploads\\\/sites\\\/3\\\/sites\\\/130\\\/2022\\\/01\\\/bc4-generic-7.png&quot;,&quot;he&quot;:&quot;bubble&quot;,&quot;ce&quot;:&quot;repulse&quot;,&quot;w&quot;:162,&quot;h&quot;:162}\"><\/div>\t\t\t\t\t<div class=\"elementor-container elementor-column-gap-no\">\r\n\t\t\t\t\t\t\t\t\t\t\t<div class=\"elementor-column elementor-col-100 elementor-top-column elementor-element elementor-element-eb01539\" data-id=\"eb01539\" data-element_type=\"column\">\r\n\t\t\t\t\t<div class=\"elementor-widget-wrap elementor-element-populated\">\r\n\t\t\t\t\t\t\t\t<div class=\"elementor-element elementor-element-2e143be mb-4 rounded-2 overflow-hidden ml-auto mr-auto mt-5 elementor-widget__width-auto elementor-widget-divider--view-line elementor-invisible elementor-widget elementor-widget-divider\" data-id=\"2e143be\" data-element_type=\"widget\" data-settings=\"{&quot;_animation&quot;:&quot;fadeInUp&quot;}\" data-widget_type=\"divider.default\">\n\t\t\t\t<div class=\"elementor-widget-container\">\n\t\t\t\t\t\t\t<div class=\"elementor-divider\">\n\t\t\t<span class=\"elementor-divider-separator\">\n\t\t\t\t\t\t<\/span>\n\t\t<\/div>\n\t\t\t\t\t\t<\/div>\n\t\t\t\t<\/div>\n\t\t\t\t<div class=\"elementor-element elementor-element-dfbede3 mb-0 elementor-invisible elementor-widget elementor-widget-heading\" data-id=\"dfbede3\" data-element_type=\"widget\" data-settings=\"{&quot;_animation&quot;:&quot;fadeInUp&quot;,&quot;_animation_delay&quot;:100}\" data-widget_type=\"heading.default\">\n\t\t\t\t<div class=\"elementor-widget-container\">\n\t\t\t\t\t<h2 class=\"elementor-heading-title elementor-size-default\">ESTAD\u00cdSTICAS DE LA EMPRESA<\/h2>\t\t\t\t<\/div>\n\t\t\t\t<\/div>\n\t\t\t\t<div class=\"elementor-element elementor-element-040f15e ml-auto mr-auto elementor-invisible elementor-widget elementor-widget-heading\" data-id=\"040f15e\" data-element_type=\"widget\" data-settings=\"{&quot;_animation&quot;:&quot;fadeInUp&quot;,&quot;_animation_delay&quot;:200}\" data-widget_type=\"heading.default\">\n\t\t\t\t<div class=\"elementor-widget-container\">\n\t\t\t\t\t<h2 class=\"elementor-heading-title elementor-size-default\">Con\u00f3zcanos en cifras<\/h2>\t\t\t\t<\/div>\n\t\t\t\t<\/div>\n\t\t\t\t<div class=\"elementor-section elementor-inner-section elementor-element elementor-element-77bad95 elementor-section-boxed elementor-section-height-default elementor-section-height-default elementor-invisible\" data-id=\"77bad95\" data-element_type=\"section\" data-settings=\"{&quot;animation&quot;:&quot;fadeIn&quot;,&quot;animation_delay&quot;:300}\">\r\n\t\t\r\n\t\t\t\t\t\t\t<div class=\"elementor-container elementor-column-gap-default\">\r\n\t\t\t\t\t\t\t\t\t\t\t<div class=\"elementor-column elementor-col-33 elementor-inner-column elementor-element elementor-element-16b284c\" data-id=\"16b284c\" data-element_type=\"column\">\r\n\t\t\t\t\t<div class=\"elementor-widget-wrap elementor-element-populated\">\r\n\t\t\t\t\t\t\t\t<div class=\"elementor-element elementor-element-a4e1f78 elementor-widget elementor-widget-porto_stat_counter\" data-id=\"a4e1f78\" data-element_type=\"widget\" data-widget_type=\"porto_stat_counter.default\">\n\t\t\t\t<div class=\"elementor-widget-container\">\n\t\t\t\t\t<div class=\"stats-block stats-top\"><div class=\"stats-desc\"><div id=\"counter_97685451569e376afd6f90\" data-id=\"counter_97685451569e376afd6f90\" class=\"stats-number\" style=\" \" data-speed=\"3\" data-counter-value=\"147000\" data-separator=\",\" data-decimal=\".\">0<\/div><div class=\"counter_suffix mycust\" style=\" \">+<\/div><div class=\"stats-text\" style=\"\">Reservas<\/div><\/div><\/div><script>\r\n\t( function() {\r\n\t\tvar porto_inc_counter_js = function() {\r\n\t\t\t( function( $ ) {\r\n\t\t\t\tif (typeof countUp == \"undefined\") {\r\n\t\t\t\t\tvar c = document.createElement(\"script\");\r\n\t\t\t\t\tc.src = \"https:\/\/nubeliny.com\/do\/wp-content\/plugins\/porto-functionality\/shortcodes\/assets\/js\/countup.min.js\";\r\n\t\t\t\t\tif (!$('script[src=\"' + c.src + '\"]').length) {\r\n\t\t\t\t\t\tdocument.getElementsByTagName(\"body\")[0].appendChild(c);\r\n\t\t\t\t\t}\r\n\t\t\t\t\tc = document.createElement(\"script\");\r\n\t\t\t\t\tc.src = \"https:\/\/nubeliny.com\/do\/wp-content\/plugins\/porto-functionality\/shortcodes\/assets\/js\/countup-loader.min.js\";\r\n\t\t\t\t\tif (!$('script[src=\"' + c.src + '\"]').length) {\r\n\t\t\t\t\t\tdocument.getElementsByTagName(\"body\")[0].appendChild(c);\r\n\t\t\t\t\t}\r\n\t\t\t\t}\r\n\t\t\t} )( jQuery );\r\n\t\t};\r\n\r\n\t\tif ( window.theme && theme.isLoaded ) {\r\n\t\t\tporto_inc_counter_js();\r\n\t\t} else {\r\n\t\t\twindow.addEventListener( 'load', porto_inc_counter_js );\r\n\t\t}\r\n\t} )();\r\n<\/script>\r\n\t\t\t\t<\/div>\n\t\t\t\t<\/div>\n\t\t\t\t\t<\/div>\r\n\t\t\t\t<\/div>\r\n\t\t\t\t<div class=\"elementor-column elementor-col-33 elementor-inner-column elementor-element elementor-element-574c2fc\" data-id=\"574c2fc\" data-element_type=\"column\">\r\n\t\t\t\t\t<div class=\"elementor-widget-wrap elementor-element-populated\">\r\n\t\t\t\t\t\t\t\t<div class=\"elementor-element elementor-element-1a285bd elementor-widget elementor-widget-porto_stat_counter\" data-id=\"1a285bd\" data-element_type=\"widget\" data-widget_type=\"porto_stat_counter.default\">\n\t\t\t\t<div class=\"elementor-widget-container\">\n\t\t\t\t\t<div class=\"stats-block stats-top\"><div class=\"stats-desc\"><div id=\"counter_192824437169e376afd773f\" data-id=\"counter_192824437169e376afd773f\" class=\"stats-number\" style=\" \" data-speed=\"3\" data-counter-value=\"500\" data-separator=\",\" data-decimal=\".\">0<\/div><div class=\"counter_suffix mycust\" style=\" \">+<\/div><div class=\"stats-text\" style=\"\">Conductores<\/div><\/div><\/div>\t\t\t\t<\/div>\n\t\t\t\t<\/div>\n\t\t\t\t\t<\/div>\r\n\t\t\t\t<\/div>\r\n\t\t\t\t<div class=\"elementor-column elementor-col-33 elementor-inner-column elementor-element elementor-element-f91d8d6\" data-id=\"f91d8d6\" data-element_type=\"column\">\r\n\t\t\t\t\t<div class=\"elementor-widget-wrap elementor-element-populated\">\r\n\t\t\t\t\t\t\t\t<div class=\"elementor-element elementor-element-9dd834f elementor-widget elementor-widget-porto_stat_counter\" data-id=\"9dd834f\" data-element_type=\"widget\" data-widget_type=\"porto_stat_counter.default\">\n\t\t\t\t<div class=\"elementor-widget-container\">\n\t\t\t\t\t<div class=\"stats-block stats-top\"><div class=\"stats-desc\"><div id=\"counter_146086478269e376afd7f99\" data-id=\"counter_146086478269e376afd7f99\" class=\"stats-number\" style=\" \" data-speed=\"3\" data-counter-value=\"1900\" data-separator=\",\" data-decimal=\".\">0<\/div><div class=\"counter_suffix mycust\" style=\" \">+<\/div><div class=\"stats-text\" style=\"\">Pasajeros<\/div><\/div><\/div>\t\t\t\t<\/div>\n\t\t\t\t<\/div>\n\t\t\t\t\t<\/div>\r\n\t\t\t\t<\/div>\r\n\t\t\t\t\t<\/div>\r\n\t\t\t\t<\/div>\r\n\t\t\t\t\t<\/div>\r\n\t\t\t\t<\/div>\r\n\t\t\t\t\t<\/div>\r\n\t\t\t\t<\/div>\r\n\t\t\t\t<div class=\"elementor-section elementor-top-section elementor-element elementor-element-9e10a55 m-t-xl m-b-xl  elementor-section-boxed elementor-section-height-default elementor-section-height-default\" data-id=\"9e10a55\" data-element_type=\"section\">\r\n\t\t\r\n\t\t\t\t\t\t\t<div class=\"elementor-container elementor-column-gap-default\">\r\n\t\t\t\t\t\t\t\t\t\t\t<div class=\"elementor-column elementor-col-100 elementor-top-column elementor-element elementor-element-4434375\" data-id=\"4434375\" data-element_type=\"column\">\r\n\t\t\t\t\t<div class=\"elementor-widget-wrap elementor-element-populated\">\r\n\t\t\t\t\t\t\t\t<div class=\"elementor-element elementor-element-2d177db elementor-invisible elementor-widget elementor-widget-porto_ultimate_heading\" data-id=\"2d177db\" data-element_type=\"widget\" data-settings=\"{&quot;_animation&quot;:&quot;fadeIn&quot;}\" data-widget_type=\"porto_ultimate_heading.default\">\n\t\t\t\t<div class=\"elementor-widget-container\">\n\t\t\t\t\t<div class=\"porto-u-heading  porto-u-ad87e2eaf3f9c495180fe0156ddf3eb0\"><div class=\"porto-u-main-heading\"><h2    style=\"margin-bottom: 20px;\">Misi\u00f3n:<\/h2><\/div><div class=\"porto-u-sub-heading\" style=\"\"><p>NubeLI proporciona servicios extraordinarios de transporte general y especializado para el \u00e1rea de Long Island, NY. Estamos orgullosos de mantener un personal altamente capacitado, cort\u00e9s y profesional dedicado a ofrecer la mejor experiencia para nuestros clientes. Nuestra flota de veh\u00edculos es segura, limpia y confiable, asegurando que cada viaje sea c\u00f3modo y seguro. En NubeLI, nos esforzamos por superar las expectativas de nuestros usuarios con un servicio excepcional y una inigualable atenci\u00f3n al detalle.<\/p><\/div><style>.porto-u-ad87e2eaf3f9c495180fe0156ddf3eb0.porto-u-heading{text-align:left}<\/style><\/div>\t\t\t\t<\/div>\n\t\t\t\t<\/div>\n\t\t\t\t<div class=\"elementor-element elementor-element-a74e044 elementor-invisible elementor-widget elementor-widget-porto_ultimate_heading\" data-id=\"a74e044\" data-element_type=\"widget\" data-settings=\"{&quot;_animation&quot;:&quot;fadeIn&quot;}\" data-widget_type=\"porto_ultimate_heading.default\">\n\t\t\t\t<div class=\"elementor-widget-container\">\n\t\t\t\t\t<div class=\"porto-u-heading  porto-u-ad87e2eaf3f9c495180fe0156ddf3eb0\"><div class=\"porto-u-main-heading\"><h2    style=\"margin-bottom: 20px;\">Visi\u00f3n:<\/h2><\/div><div class=\"porto-u-sub-heading\" style=\"\"><p>Nuestra visi\u00f3n es proporcionar un servicio ejemplar en la comunidad de Long Island, NY. En NubeLI, nos comprometemos a dar a nuestros usuarios el mejor servicio posible, garantizando una experiencia de viaje segura, c\u00f3moda y fiable. Nuestro objetivo no es s\u00f3lo cumplir, sino superar las expectativas de nuestros clientes, convirti\u00e9ndonos en su aplicaci\u00f3n de transporte local favorita. Con un equipo dedicado y tecnolog\u00eda de vanguardia, trabajamos diariamente para ganarnos la confianza y preferencia de nuestra comunidad.<\/p><\/div><style>.porto-u-ad87e2eaf3f9c495180fe0156ddf3eb0.porto-u-heading{text-align:left}<\/style><\/div>\t\t\t\t<\/div>\n\t\t\t\t<\/div>\n\t\t\t\t\t<\/div>\r\n\t\t\t\t<\/div>\r\n\t\t\t\t\t<\/div>\r\n\t\t\t\t<\/div>\r\n\t\t\t\t<\/div>\n\t\t","protected":false},"excerpt":{"rendered":"<p>En Nubeli Inc. nos dedicamos a proporcionar el mejor servicio de transporte privado en la ciudad de Nueva York. Nuestra misi\u00f3n es ofrecer a nuestros usuarios una experiencia de viaje segura, fiable y c\u00f3moda, con el apoyo de un equipo de profesionales altamente capacitados. Utilizamos una plataforma de alta calidad que incorpora las \u00faltimas tecnolog\u00edas [&hellip;]<\/p>\n","protected":false},"author":1,"featured_media":0,"parent":0,"menu_order":0,"comment_status":"closed","ping_status":"closed","template":"","meta":{"footnotes":""},"class_list":["post-67","page","type-page","status-publish","hentry"],"_links":{"self":[{"href":"https:\/\/nubeliny.com\/do\/wp-json\/wp\/v2\/pages\/67","targetHints":{"allow":["GET"]}}],"collection":[{"href":"https:\/\/nubeliny.com\/do\/wp-json\/wp\/v2\/pages"}],"about":[{"href":"https:\/\/nubeliny.com\/do\/wp-json\/wp\/v2\/types\/page"}],"author":[{"embeddable":true,"href":"https:\/\/nubeliny.com\/do\/wp-json\/wp\/v2\/users\/1"}],"replies":[{"embeddable":true,"href":"https:\/\/nubeliny.com\/do\/wp-json\/wp\/v2\/comments?post=67"}],"version-history":[{"count":28,"href":"https:\/\/nubeliny.com\/do\/wp-json\/wp\/v2\/pages\/67\/revisions"}],"predecessor-version":[{"id":5046,"href":"https:\/\/nubeliny.com\/do\/wp-json\/wp\/v2\/pages\/67\/revisions\/5046"}],"wp:attachment":[{"href":"https:\/\/nubeliny.com\/do\/wp-json\/wp\/v2\/media?parent=67"}],"curies":[{"name":"wp","href":"https:\/\/api.w.org\/{rel}","templated":true}]}}